{"id":2819,"date":"2025-04-03T01:25:47","date_gmt":"2025-04-02T22:25:47","guid":{"rendered":"https:\/\/espedal.org\/?page_id=2819"},"modified":"2025-04-03T02:23:40","modified_gmt":"2025-04-02T23:23:40","slug":"yk","status":"publish","type":"page","link":"https:\/\/espedal.org\/en\/yk\/","title":{"rendered":"YK"},"content":{"rendered":"<p><!DOCTYPE html><br \/>\n<html lang=\"tr\"><br \/>\n<head><br \/>\n    <meta charset=\"UTF-8\"><br \/>\n    <meta name=\"viewport\" content=\"width=device-width, initial-scale=1.0\"><br \/>\n    <title>Y\u00f6netim Kurulu | E\u015fpedal Derne\u011fi<\/title><\/p>\n<style>\n        body {\n            font-family: Arial, sans-serif;\n            margin: 0;\n            padding: 20px;\n            background-color: #f4f4f4;\n            text-align: center;\n        }\n        h1 {\n            margin-bottom: 20px; \/* Ba\u015fl\u0131k ve i\u00e7erik aras\u0131ndaki bo\u015flu\u011fu azaltan k\u0131s\u0131m *\/\n        }\n        .container {\n            display: flex;\n            flex-direction: column;\n            align-items: center;\n            gap: 50px;\n        }\n        .member {\n            display: flex;\n            background: white;\n            padding: 15px;\n            border-radius: 10px;\n            width: 1280px;\n            box-shadow: 0 4px 8px rgba(0, 0, 0, 0.1);\n            align-items: center;\n        }\n        .member img {\n            width: 400px; \/* Foto\u011fraf\u0131n geni\u015fli\u011fi 400px yap\u0131ld\u0131 *\/\n            height: 400px; \/* Foto\u011fraf\u0131n y\u00fcksekli\u011fi 400px yap\u0131ld\u0131 *\/\n            border-radius: 10px;\n            object-fit: cover;\n            margin-right: 15px;\n        }\n        .member-info {\n            text-align: left;\n        }\n        .member h4 {\n            margin: 5px 0;\n            font-size: 16px;\n            color: #888;\n        }\n        .member h3 {\n            margin: 5px 0;\n            font-size: 20px;\n        }\n        .member p {\n            font-size: 14px;\n            color: #555;\n        }\n    <\/style>\n<p><\/head><br \/>\n<body><\/p>\n<h1>Y\u00f6netim Kurulu<\/h1>\n<div class=\"container\">\n<div class=\"member\">\n            <img decoding=\"async\" src=\"https:\/\/www.netbaski.com\/content\/images\/vesikalik\/35x45mm-.jpg\" alt=\"\u00dcye 1\"><\/p>\n<div class=\"member-info\">\n<h4>\u00dcnvan<\/h4>\n<h3>\u0130sim Soyisim 1<\/h3>\n<p>K\u0131sa biyografi burada yer alacak.<\/p>\n<\/p><\/div>\n<\/p><\/div>\n<div class=\"member\">\n            <img decoding=\"async\" src=\"https:\/\/www.netbaski.com\/content\/images\/vesikalik\/35x45mm-.jpg\" alt=\"\u00dcye 2\"><\/p>\n<div class=\"member-info\">\n<h4>\u00dcnvan<\/h4>\n<h3>\u0130sim Soyisim 2<\/h3>\n<p>K\u0131sa biyografi burada yer alacak.<\/p>\n<\/p><\/div>\n<\/p><\/div>\n<div class=\"member\">\n            <img decoding=\"async\" src=\"https:\/\/www.facebook.com\/photo\/?fbid=7298008540244017&#038;set=a.136223886422554\" alt=\"\u00dcye 3\"><\/p>\n<div class=\"member-info\">\n<h4>\u00dcnvan<\/h4>\n<h3>\u0130sim Soyisim 3<\/h3>\n<p>K\u0131sa biyografi burada yer alacak.<\/p>\n<\/p><\/div>\n<\/p><\/div>\n<div class=\"member\">\n            <img decoding=\"async\" src=\"uye4.jpg\" alt=\"\u00dcye 4\"><\/p>\n<div class=\"member-info\">\n<h4>\u00dcnvan<\/h4>\n<h3>\u0130sim Soyisim 4<\/h3>\n<p>K\u0131sa biyografi burada yer alacak.<\/p>\n<\/p><\/div>\n<\/p><\/div>\n<div class=\"member\">\n            <img decoding=\"async\" src=\"uye5.jpg\" alt=\"\u00dcye 5\"><\/p>\n<div class=\"member-info\">\n<h4>\u00dcnvan<\/h4>\n<h3>\u0130sim Soyisim 5<\/h3>\n<p>K\u0131sa biyografi burada yer alacak.<\/p>\n<\/p><\/div>\n<\/p><\/div>\n<div class=\"member\">\n            <img decoding=\"async\" src=\"uye6.jpg\" alt=\"\u00dcye 6\"><\/p>\n<div class=\"member-info\">\n<h4>\u00dcnvan<\/h4>\n<h3>\u0130sim Soyisim 6<\/h3>\n<p>K\u0131sa biyografi burada yer alacak.<\/p>\n<\/p><\/div>\n<\/p><\/div>\n<div class=\"member\">\n            <img decoding=\"async\" src=\"uye7.jpg\" alt=\"\u00dcye 7\"><\/p>\n<div class=\"member-info\">\n<h4>\u00dcnvan<\/h4>\n<h3>\u0130sim Soyisim 7<\/h3>\n<p>K\u0131sa biyografi burada yer alacak.<\/p>\n<\/p><\/div>\n<\/p><\/div>\n<\/p><\/div>\n<p><\/body><br \/>\n<\/html><\/p>","protected":false},"excerpt":{"rendered":"<p>Y\u00f6netim Kurulu | E\u015fpedal Derne\u011fi Y\u00f6netim Kurulu \u00dcnvan \u0130sim Soyisim 1 K\u0131sa biyografi burada yer alacak. \u00dcnvan \u0130sim Soyisim 2 K\u0131sa biyografi burada yer alacak. \u00dcnvan \u0130sim Soyisim 3 K\u0131sa biyografi burada yer alacak. \u00dcnvan \u0130sim Soyisim 4 K\u0131sa biyografi burada yer alacak. \u00dcnvan \u0130sim Soyisim 5 K\u0131sa biyografi burada yer alacak. \u00dcnvan \u0130sim Soyisim [&hellip;]<\/p>\n","protected":false},"author":6,"featured_media":0,"parent":0,"menu_order":0,"comment_status":"closed","ping_status":"closed","template":"","meta":{"om_disable_all_campaigns":false,"_exactmetrics_skip_tracking":false,"_exactmetrics_sitenote_active":false,"_exactmetrics_sitenote_note":"","_exactmetrics_sitenote_category":0,"_monsterinsights_skip_tracking":false,"_monsterinsights_sitenote_active":false,"_monsterinsights_sitenote_note":"","_monsterinsights_sitenote_category":0,"footnotes":""},"aioseo_notices":[],"_links":{"self":[{"href":"https:\/\/espedal.org\/en\/wp-json\/wp\/v2\/pages\/2819"}],"collection":[{"href":"https:\/\/espedal.org\/en\/wp-json\/wp\/v2\/pages"}],"about":[{"href":"https:\/\/espedal.org\/en\/wp-json\/wp\/v2\/types\/page"}],"author":[{"embeddable":true,"href":"https:\/\/espedal.org\/en\/wp-json\/wp\/v2\/users\/6"}],"replies":[{"embeddable":true,"href":"https:\/\/espedal.org\/en\/wp-json\/wp\/v2\/comments?post=2819"}],"version-history":[{"count":29,"href":"https:\/\/espedal.org\/en\/wp-json\/wp\/v2\/pages\/2819\/revisions"}],"predecessor-version":[{"id":2849,"href":"https:\/\/espedal.org\/en\/wp-json\/wp\/v2\/pages\/2819\/revisions\/2849"}],"wp:attachment":[{"href":"https:\/\/espedal.org\/en\/wp-json\/wp\/v2\/media?parent=2819"}],"curies":[{"name":"wp","href":"https:\/\/api.w.org\/{rel}","templated":true}]}}