{"id":2998,"date":"2025-06-07T20:44:03","date_gmt":"2025-06-07T17:44:03","guid":{"rendered":"https:\/\/espedal.org\/?page_id=2998"},"modified":"2025-06-07T20:44:03","modified_gmt":"2025-06-07T17:44:03","slug":"calistay-raporlari","status":"publish","type":"page","link":"https:\/\/espedal.org\/en\/calistay-raporlari\/","title":{"rendered":"\u00c7al\u0131\u015ftay Raporlar\u0131"},"content":{"rendered":"","protected":false},"excerpt":{"rendered":"","protected":false},"author":6,"featured_media":0,"parent":0,"menu_order":0,"comment_status":"closed","ping_status":"closed","template":"","meta":{"om_disable_all_campaigns":false,"_exactmetrics_skip_tracking":false,"_exactmetrics_sitenote_active":false,"_exactmetrics_sitenote_note":"","_exactmetrics_sitenote_category":0,"_monsterinsights_skip_tracking":false,"_monsterinsights_sitenote_active":false,"_monsterinsights_sitenote_note":"","_monsterinsights_sitenote_category":0,"footnotes":""},"aioseo_notices":[],"_links":{"self":[{"href":"https:\/\/espedal.org\/en\/wp-json\/wp\/v2\/pages\/2998"}],"collection":[{"href":"https:\/\/espedal.org\/en\/wp-json\/wp\/v2\/pages"}],"about":[{"href":"https:\/\/espedal.org\/en\/wp-json\/wp\/v2\/types\/page"}],"author":[{"embeddable":true,"href":"https:\/\/espedal.org\/en\/wp-json\/wp\/v2\/users\/6"}],"replies":[{"embeddable":true,"href":"https:\/\/espedal.org\/en\/wp-json\/wp\/v2\/comments?post=2998"}],"version-history":[{"count":1,"href":"https:\/\/espedal.org\/en\/wp-json\/wp\/v2\/pages\/2998\/revisions"}],"predecessor-version":[{"id":3000,"href":"https:\/\/espedal.org\/en\/wp-json\/wp\/v2\/pages\/2998\/revisions\/3000"}],"wp:attachment":[{"href":"https:\/\/espedal.org\/en\/wp-json\/wp\/v2\/media?parent=2998"}],"curies":[{"name":"wp","href":"https:\/\/api.w.org\/{rel}","templated":true}]}}